{"id":123,"date":"2018-07-02T22:17:01","date_gmt":"2018-07-02T20:17:01","guid":{"rendered":"http:\/\/www.chezlesfreud.com\/?page_id=123"},"modified":"2024-05-05T20:34:12","modified_gmt":"2024-05-05T18:34:12","slug":"galerie-de-photos","status":"publish","type":"page","link":"https:\/\/www.chezlesfreud.com\/index.php\/galerie-de-photos\/","title":{"rendered":"Galerie de photos"},"content":{"rendered":"<p>Vous voici dans notre tr\u00e8s modeste galerie de photos&#8230; commen\u00e7ons la visite!<\/p>\n<p><a href=\"http:\/\/www.chezlesfreud.com\/index.php\/galerie-de-photos\/les-visiteurs-du-jardin\/\">Les visiteurs du jardin<\/a><\/p>\n<p><a href=\"https:\/\/www.chezlesfreud.com\/index.php\/galerie-de-photos\/les-fleurs-du-jardin\/\">Les fleurs du jardin<\/a><\/p>\n<p><a href=\"http:\/\/www.chezlesfreud.com\/index.php\/galerie-de-photos\/images-de-fin-de-journee\/\">Images de fin de journ\u00e9e<\/a><\/p>\n<p>&nbsp;<\/p>\n","protected":false},"excerpt":{"rendered":"<p>Vous voici dans notre tr\u00e8s modeste galerie de photos&#8230; commen\u00e7ons la visite! Les visiteurs du jardin Les fleurs du jardin Images de fin de journ\u00e9e &nbsp;<\/p>\n","protected":false},"author":1,"featured_media":0,"parent":0,"menu_order":0,"comment_status":"closed","ping_status":"closed","template":"","meta":{"footnotes":""},"class_list":["post-123","page","type-page","status-publish","hentry"],"_links":{"self":[{"href":"https:\/\/www.chezlesfreud.com\/index.php\/wp-json\/wp\/v2\/pages\/123","targetHints":{"allow":["GET"]}}],"collection":[{"href":"https:\/\/www.chezlesfreud.com\/index.php\/wp-json\/wp\/v2\/pages"}],"about":[{"href":"https:\/\/www.chezlesfreud.com\/index.php\/wp-json\/wp\/v2\/types\/page"}],"author":[{"embeddable":true,"href":"https:\/\/www.chezlesfreud.com\/index.php\/wp-json\/wp\/v2\/users\/1"}],"replies":[{"embeddable":true,"href":"https:\/\/www.chezlesfreud.com\/index.php\/wp-json\/wp\/v2\/comments?post=123"}],"version-history":[{"count":10,"href":"https:\/\/www.chezlesfreud.com\/index.php\/wp-json\/wp\/v2\/pages\/123\/revisions"}],"predecessor-version":[{"id":503,"href":"https:\/\/www.chezlesfreud.com\/index.php\/wp-json\/wp\/v2\/pages\/123\/revisions\/503"}],"wp:attachment":[{"href":"https:\/\/www.chezlesfreud.com\/index.php\/wp-json\/wp\/v2\/media?parent=123"}],"curies":[{"name":"wp","href":"https:\/\/api.w.org\/{rel}","templated":true}]}}