{"id":2,"date":"2018-06-17T13:39:44","date_gmt":"2018-06-17T11:39:44","guid":{"rendered":"http:\/\/localhost\/?page_id=2"},"modified":"2025-04-18T19:56:37","modified_gmt":"2025-04-18T17:56:37","slug":"timelapse","status":"publish","type":"page","link":"https:\/\/www.chezlesfreud.com\/index.php\/timelapse\/","title":{"rendered":"Timelapse"},"content":{"rendered":"\n<p>Voici quelques vid\u00e9os en acc\u00e9l\u00e9r\u00e9 tourn\u00e9es dans le jardin en g\u00e9n\u00e9ral sur plusieurs jours (timelapse en bon franglais).<\/p>\n\n\n\n<p>Un peu de d\u00e9tente en contemplant la nature&#8230;<\/p>\n\n\n\n<figure id=\"ronsard\" class=\"wp-block-video\"><video controls src=\"http:\/\/www.chezlesfreud.com\/wp-content\/uploads\/2018\/07\/timelapse_rosier_september_second.mp4\"><\/video><figcaption class=\"wp-element-caption\">Pour commencer, une rose Pierre de Ronsard qui fleurit<\/figcaption><\/figure>\n\n\n\n<figure id=\"suzanne\" class=\"wp-block-video\"><video controls src=\"http:\/\/www.chezlesfreud.com\/wp-content\/uploads\/2018\/07\/circumnutation_mp4.mp4\"><\/video><figcaption class=\"wp-element-caption\">Et voici la circumnutation des Suzanne aux yeux noirs..<\/figcaption><\/figure>\n\n\n\n<figure id=\"glycine\" class=\"wp-block-video\"><video controls src=\"http:\/\/www.chezlesfreud.com\/wp-content\/uploads\/2018\/07\/Glycine.mp4\"><\/video><figcaption class=\"wp-element-caption\">La Glycine, un grand classique&#8230;<\/figcaption><\/figure>\n\n\n\n<figure id=\"rdv\" class=\"wp-block-video\"><video controls src=\"http:\/\/www.chezlesfreud.com\/wp-content\/uploads\/2018\/07\/Rendez-vous-jardins_mp4.mp4\"><\/video><figcaption class=\"wp-element-caption\">Un aper\u00e7u du week-end aux jardins en juin 2018<\/figcaption><\/figure>\n\n\n\n<figure id=\"roses\" class=\"wp-block-video\"><video controls src=\"http:\/\/www.chezlesfreud.com\/wp-content\/uploads\/2018\/07\/mon-amie-la-rose.mp4\"><\/video><figcaption class=\"wp-element-caption\">Cinq jours dans la vie d&rsquo;un bouquet de roses<\/figcaption><\/figure>\n\n\n\n<figure id=\"annapurna\" class=\"wp-block-video\"><video controls src=\"http:\/\/www.chezlesfreud.com\/wp-content\/uploads\/2018\/07\/Timelapse_annapurna_mp4.mp4\"><\/video><figcaption class=\"wp-element-caption\">Une rose Annapurna au milieu des \u00e9ph\u00e9m\u00e8res de Virginie<\/figcaption><\/figure>\n\n\n\n<figure id=\"pivoines\" class=\"wp-block-video\"><video height=\"720\" style=\"aspect-ratio: 1280 \/ 720;\" width=\"1280\" controls src=\"http:\/\/www.chezlesfreud.com\/wp-content\/uploads\/2020\/04\/Timelapse-pvioine.mp4\"><\/video><figcaption class=\"wp-element-caption\">Avril 2020, pendant le confinement du Coronavirus, les pivoines fleurissent<\/figcaption><\/figure>\n\n\n\n<figure id=\"passiflore\" class=\"wp-block-video\"><video height=\"1080\" style=\"aspect-ratio: 1920 \/ 1080;\" width=\"1920\" controls src=\"http:\/\/www.chezlesfreud.com\/wp-content\/uploads\/2022\/06\/timelapse_passiflores.mp4\"><\/video><figcaption class=\"wp-element-caption\">Passiflore en fleur<\/figcaption><\/figure>\n\n\n\n<figure id=\"oursin\" class=\"wp-block-video\"><video height=\"1080\" style=\"aspect-ratio: 1920 \/ 1080;\" width=\"1920\" controls src=\"http:\/\/www.chezlesfreud.com\/wp-content\/uploads\/2022\/07\/timelapse_boule_vlc.mp4\"><\/video><figcaption class=\"wp-element-caption\">Oursin \u00e0 t\u00eate ronde<\/figcaption><\/figure>\n\n\n\n<figure id=\"hibiscus\" class=\"wp-block-video\"><video height=\"1080\" style=\"aspect-ratio: 1920 \/ 1080;\" width=\"1920\" controls src=\"http:\/\/www.chezlesfreud.com\/wp-content\/uploads\/2022\/08\/timelapse_hibiscus_b.mp4\"><\/video><figcaption class=\"wp-element-caption\">Ao\u00fbt 2022, l&rsquo;hibiscus s&rsquo;en donne \u00e0 c\u0153ur joie<\/figcaption><\/figure>\n\n\n\n<figure class=\"wp-block-video\"><video height=\"1080\" style=\"aspect-ratio: 1920 \/ 1080;\" width=\"1920\" controls src=\"https:\/\/www.chezlesfreud.com\/wp-content\/uploads\/2024\/04\/timelapse_glycine_gp1.mp4\"><\/video><figcaption class=\"wp-element-caption\">La floraison de la glycine en gros plan &#8211; Avril 2024<\/figcaption><\/figure>\n\n\n\n<figure class=\"wp-block-video\"><video height=\"1080\" style=\"aspect-ratio: 1920 \/ 1080;\" width=\"1920\" controls src=\"https:\/\/www.chezlesfreud.com\/wp-content\/uploads\/2024\/09\/timelapse_hibiscus_des_marais_vlc.mp4\"><\/video><figcaption class=\"wp-element-caption\">L&rsquo;hibiscus des marais aime l&rsquo;eau &#8211; Septembre 2024<\/figcaption><\/figure>\n\n\n\n<figure id=\"camelia\" class=\"wp-block-video\"><video height=\"1080\" style=\"aspect-ratio: 1920 \/ 1080;\" width=\"1920\" controls src=\"https:\/\/www.chezlesfreud.com\/wp-content\/uploads\/2025\/03\/camelia_vlc.mp4\"><\/video><figcaption class=\"wp-element-caption\">Le cam\u00e9lia annonce le printemps &#8211; Mars 2025<\/figcaption><\/figure>\n\n\n\n<figure id=\"erable\" class=\"wp-block-video\"><video height=\"1080\" style=\"aspect-ratio: 1920 \/ 1080;\" width=\"1920\" controls src=\"https:\/\/www.chezlesfreud.com\/wp-content\/uploads\/2025\/04\/timelapse_erable_vlc.mp4\"><\/video><\/figure>\n\n\n\n<p>A suivre<kbd>...<\/kbd><\/p>\n\n\n\n<p><\/p>\n","protected":false},"excerpt":{"rendered":"<p>Voici quelques vid\u00e9os en acc\u00e9l\u00e9r\u00e9 tourn\u00e9es dans le jardin en g\u00e9n\u00e9ral sur plusieurs jours (timelapse en bon franglais). Un peu de d\u00e9tente en contemplant la nature&#8230; A suivre&#8230;<\/p>\n","protected":false},"author":1,"featured_media":0,"parent":0,"menu_order":0,"comment_status":"closed","ping_status":"open","template":"","meta":{"footnotes":""},"class_list":["post-2","page","type-page","status-publish","hentry"],"_links":{"self":[{"href":"https:\/\/www.chezlesfreud.com\/index.php\/wp-json\/wp\/v2\/pages\/2","targetHints":{"allow":["GET"]}}],"collection":[{"href":"https:\/\/www.chezlesfreud.com\/index.php\/wp-json\/wp\/v2\/pages"}],"about":[{"href":"https:\/\/www.chezlesfreud.com\/index.php\/wp-json\/wp\/v2\/types\/page"}],"author":[{"embeddable":true,"href":"https:\/\/www.chezlesfreud.com\/index.php\/wp-json\/wp\/v2\/users\/1"}],"replies":[{"embeddable":true,"href":"https:\/\/www.chezlesfreud.com\/index.php\/wp-json\/wp\/v2\/comments?post=2"}],"version-history":[{"count":32,"href":"https:\/\/www.chezlesfreud.com\/index.php\/wp-json\/wp\/v2\/pages\/2\/revisions"}],"predecessor-version":[{"id":561,"href":"https:\/\/www.chezlesfreud.com\/index.php\/wp-json\/wp\/v2\/pages\/2\/revisions\/561"}],"wp:attachment":[{"href":"https:\/\/www.chezlesfreud.com\/index.php\/wp-json\/wp\/v2\/media?parent=2"}],"curies":[{"name":"wp","href":"https:\/\/api.w.org\/{rel}","templated":true}]}}