{"id":215,"date":"2020-06-21T17:42:16","date_gmt":"2020-06-21T15:42:16","guid":{"rendered":"http:\/\/www.chezlesfreud.com\/?page_id=215"},"modified":"2022-12-26T19:58:27","modified_gmt":"2022-12-26T18:58:27","slug":"dossier-graphique-marie","status":"publish","type":"page","link":"https:\/\/www.chezlesfreud.com\/index.php\/dossier-graphique-marie\/","title":{"rendered":"Dossier Graphique Marie"},"content":{"rendered":"\n<p class=\"has-text-color has-medium-font-size\" id=\"dans_ta_ville\" style=\"color:#898989\"><strong>Dans ta ville<\/strong><\/p>\n\n\n\n<div class=\"wp-block-media-text alignwide is-stacked-on-mobile\"><figure class=\"wp-block-media-text__media\"><video controls src=\"http:\/\/www.chezlesfreud.com\/wp-content\/uploads\/2020\/06\/DANS-TA-VILLE.mp4\"><\/video><\/figure><div class=\"wp-block-media-text__content\">\n<p class=\"has-normal-font-size\">Premi\u00e8re r\u00e9alisation de g\u00e9n\u00e9rique de d\u00e9but sur After effects pour l&rsquo;\u00e9mission \u00ab\u00a0Dans ta ville\u00a0\u00bb dans le cadre d&rsquo;un exercice pratique en premi\u00e8re ann\u00e9e de BTS.<\/p>\n<\/div><\/div>\n\n\n\n<hr class=\"wp-block-separator has-text-color has-vivid-cyan-blue-color has-css-opacity has-vivid-cyan-blue-background-color has-background is-style-dots\"\/>\n\n\n\n<p class=\"has-text-color has-medium-font-size\" id=\"bulle_culture\" style=\"color:#898989\"><strong>La bulle culture<\/strong><\/p>\n\n\n\n<div class=\"wp-block-media-text alignwide is-stacked-on-mobile\"><figure class=\"wp-block-media-text__media\"><video controls src=\"http:\/\/www.chezlesfreud.com\/wp-content\/uploads\/2020\/06\/LA-BULLE-CULTURE-DEMO.mp4\"><\/video><\/figure><div class=\"wp-block-media-text__content\">\n<p class=\"has-normal-font-size\">Conception de l&rsquo;identit\u00e9 visuelle de l&rsquo;\u00e9mission \u00ab\u00a0La bulle culture\u00a0\u00bb. R\u00e9alisation de l&rsquo;ensemble des habillages de ce magazine culturel diffus\u00e9 dans le cadre de la <em>semaine de l&rsquo;information <\/em>du BTS.<\/p>\n<\/div><\/div>\n\n\n\n<hr class=\"wp-block-separator has-text-color has-vivid-cyan-blue-color has-css-opacity has-vivid-cyan-blue-background-color has-background is-style-dots\"\/>\n\n\n\n<p class=\"has-text-color has-medium-font-size\" id=\"detours_de_mains\" style=\"color:#898989\"><strong>D\u00e9tours de mains<\/strong><\/p>\n\n\n\n<div class=\"wp-block-media-text alignwide is-stacked-on-mobile\"><figure class=\"wp-block-media-text__media\"><video controls src=\"http:\/\/www.chezlesfreud.com\/wp-content\/uploads\/2020\/06\/DETOURS-DE-MAINS.mp4\"><\/video><\/figure><div class=\"wp-block-media-text__content\">\n<p class=\"has-normal-font-size\">Premi\u00e8res \u00e9bauches de bug anim\u00e9 et de virgule pour le magazine \u00ab\u00a0D\u00e9tours de mains\u00a0\u00bb d\u00e9di\u00e9 aux m\u00e9tiers de l&rsquo;artisanat pour les EPS du BTS (interrompues par la crise du Covid 19).<\/p>\n<\/div><\/div>\n\n\n\n<hr class=\"wp-block-separator has-text-color has-vivid-cyan-blue-color has-css-opacity has-vivid-cyan-blue-background-color has-background is-style-dots\"\/>\n\n\n\n<p class=\"has-text-color has-medium-font-size\" id=\"source_froide\" style=\"color:#898989\"><strong>La source froide<\/strong><\/p>\n\n\n\n<div class=\"wp-block-media-text alignwide is-stacked-on-mobile\"><figure class=\"wp-block-media-text__media\"><video controls src=\"http:\/\/www.chezlesfreud.com\/wp-content\/uploads\/2020\/06\/LA-SOURCE-FROIDE_V1.mp4\"><\/video><\/figure><div class=\"wp-block-media-text__content\">\n<p class=\"has-normal-font-size\">Stop motion r\u00e9alis\u00e9 en \u00e9quipe avec des poup\u00e9es en argile sur le th\u00e8me \u00ab\u00a0La catastrophe nucl\u00e9aire\u00a0\u00bb. R\u00e9flexion sur les r\u00e9actions que suscite l&rsquo;annonce d&rsquo;une catastrophe.<\/p>\n<\/div><\/div>\n\n\n\n<hr class=\"wp-block-separator has-text-color has-vivid-cyan-blue-color has-css-opacity has-vivid-cyan-blue-background-color has-background is-style-dots\"\/>\n\n\n\n<p class=\"has-text-color has-medium-font-size\" id=\"trapeze_jaune\" style=\"color:#898989\"><strong>Le trap\u00e8ze jaune<\/strong><\/p>\n\n\n\n<div class=\"wp-block-media-text alignwide is-stacked-on-mobile\"><figure class=\"wp-block-media-text__media\"><video controls src=\"http:\/\/www.chezlesfreud.com\/wp-content\/uploads\/2019\/09\/TRAPEZE-JAUNE-1.mp4\"><\/video><\/figure><div class=\"wp-block-media-text__content\">\n<p class=\"has-normal-font-size\">Stop motion r\u00e9alis\u00e9 avec une figurine en p\u00e2te \u00e0 modeler. Direction de l&rsquo;actrice qui pr\u00eate sa voix aux personnages et travail sur la cr\u00e9ation d&rsquo;un univers sonore.<\/p>\n<\/div><\/div>\n\n\n\n<hr class=\"wp-block-separator has-text-color has-vivid-cyan-blue-color has-css-opacity has-vivid-cyan-blue-background-color has-background is-style-dots\"\/>\n\n\n\n<p class=\"has-text-color has-medium-font-size\" id=\"ulysse\" style=\"color:#898989\"><strong>Ulysse<\/strong><\/p>\n\n\n\n<div class=\"wp-block-media-text alignwide is-stacked-on-mobile\"><figure class=\"wp-block-media-text__media\"><video controls src=\"http:\/\/www.chezlesfreud.com\/wp-content\/uploads\/2020\/06\/ULYSSE_DOSSIER_GRAPHIQUE_V2.mp4\"><\/video><\/figure><div class=\"wp-block-media-text__content\">\n<p class=\"has-normal-font-size\">Fiction r\u00e9alis\u00e9e dans la cadre de la premi\u00e8re ann\u00e9e du BTS.<br>Sc\u00e8ne du stop motion \u00e0 partir de 1&rsquo;38\u00a0\u00bb.<\/p>\n<\/div><\/div>\n\n\n\n<hr class=\"wp-block-separator has-text-color has-vivid-cyan-blue-color has-css-opacity has-vivid-cyan-blue-background-color has-background is-style-dots\"\/>\n\n\n\n<p class=\"has-text-color has-medium-font-size\" id=\"reste_pas_plante_la\" style=\"color:#898989\"><strong>Reste pas plant\u00e9 l\u00e0<\/strong><\/p>\n\n\n\n<div class=\"wp-block-media-text alignwide is-stacked-on-mobile\"><figure class=\"wp-block-media-text__media\"><video controls src=\"http:\/\/www.chezlesfreud.com\/wp-content\/uploads\/2020\/06\/RESTEPASPLANTELA_DOSSIER_GRAPHIQUE.mp4\"><\/video><\/figure><div class=\"wp-block-media-text__content\">\n<p class=\"has-normal-font-size\">Court-m\u00e9trage r\u00e9alis\u00e9 dans le cadre du festival \u00ab\u00a048h le tr\u00e8s court\u00a0\u00bb. Quatre contraintes \u00e0 suivre:<\/p>\n\n\n\n<ul class=\"wp-block-list\">\n<li>Personnage impos\u00e9 : Dominique Laporte collapsologue<\/li>\n\n\n\n<li>Objet impos\u00e9 : pancarte de manifestation<\/li>\n\n\n\n<li>Phrase impos\u00e9e : \u00ab\u00a0T&rsquo;es \u00e9colo et tu laisses crever tes plantes en pot\u00a0\u00bb<\/li>\n\n\n\n<li>Th\u00e8me impos\u00e9 : la maison br\u00fble<\/li>\n<\/ul>\n\n\n\n<p class=\"has-normal-font-size\"><\/p>\n<\/div><\/div>\n\n\n\n<hr class=\"wp-block-separator has-text-color has-vivid-cyan-blue-color has-css-opacity has-vivid-cyan-blue-background-color has-background is-style-dots\"\/>\n\n\n\n<p class=\"has-text-color has-medium-font-size\" id=\"scott\" style=\"color:#898989\"><strong>Pub Scott<\/strong><\/p>\n\n\n\n<div class=\"wp-block-media-text alignwide is-stacked-on-mobile\"><figure class=\"wp-block-media-text__media\"><video controls src=\"http:\/\/www.chezlesfreud.com\/wp-content\/uploads\/2018\/12\/Pub-Scott.mp4\"><\/video><\/figure><div class=\"wp-block-media-text__content\">\n<p class=\"has-normal-font-size\">R\u00e9alisation d&rsquo;une publicit\u00e9 fictive pour une voiture dans le cadre d&rsquo;un exercice de premi\u00e8re ann\u00e9e de BTS. <\/p>\n<\/div><\/div>\n\n\n\n<h2 class=\"has-medium-font-size wp-block-heading\" id=\"giacometti\"><strong>Giacometti<\/strong><\/h2>\n\n\n\n<div class=\"wp-block-media-text alignwide is-stacked-on-mobile\"><figure class=\"wp-block-media-text__media\"><video controls src=\"http:\/\/www.chezlesfreud.com\/wp-content\/uploads\/2022\/06\/horizons_master.mp4\"><\/video><\/figure><div class=\"wp-block-media-text__content\">\n<p class=\"has-normal-font-size\">Un film r\u00e9alis\u00e9 dans le cadre de l&rsquo;exposition <em>Giacometti<\/em>. <em>Un arbre comme une femme, une pierre comme une t\u00eate<\/em> \u00e0 l&rsquo;institut Giacometti.<\/p>\n<\/div><\/div>\n\n\n\n<h2 class=\"has-medium-font-size wp-block-heading\" id=\"dolores\"><strong>Dolores<\/strong><\/h2>\n\n\n\n<p class=\"has-small-font-size\">Octobre 2022<\/p>\n\n\n\n<div class=\"wp-block-media-text alignwide is-stacked-on-mobile\"><figure class=\"wp-block-media-text__media\"><video controls src=\"http:\/\/www.chezlesfreud.com\/wp-content\/uploads\/2022\/12\/221019_DOLORES_master.mp4\"><\/video><\/figure><div class=\"wp-block-media-text__content\">\n<p>Dolores la m\u00e9duse, premier projet 3D.<\/p>\n\n\n\n<p>Le but \u00e9tait de cr\u00e9er un chara design d&rsquo;une petite cr\u00e9ature de la mer.<\/p>\n<\/div><\/div>\n\n\n\n<h2 class=\"wp-block-heading\" id=\"prix_nobel\"><strong>Le prix Nobel<\/strong><\/h2>\n\n\n\n<p class=\"has-small-font-size\">D\u00e9cembre 2022<\/p>\n\n\n\n<div class=\"wp-block-media-text alignwide is-stacked-on-mobile\"><figure class=\"wp-block-media-text__media\"><video controls src=\"http:\/\/www.chezlesfreud.com\/wp-content\/uploads\/2022\/12\/Marie_Arnaud_SISTEMIC_FILM.mp4\"><\/video><\/figure><div class=\"wp-block-media-text__content\">\n<p>Projet en mix media r\u00e9alis\u00e9 par Marie Freudenreich et Arnaud Pons pour l&rsquo;entreprise Sistemic dont la mission est de susciter de nouveaux talents f\u00e9minins dans les m\u00e9tiers scientifiques.<\/p>\n<\/div><\/div>\n\n\n\n<p>Voix off Benjamin et Caroline Pascal. Musique de Beno\u00eet Walther. Mixage Julien Tournecuillert.<\/p>\n","protected":false},"excerpt":{"rendered":"<p>Dans ta ville Premi\u00e8re r\u00e9alisation de g\u00e9n\u00e9rique de d\u00e9but sur After effects pour l&rsquo;\u00e9mission \u00ab\u00a0Dans ta ville\u00a0\u00bb dans le cadre d&rsquo;un exercice pratique en premi\u00e8re ann\u00e9e de BTS. La bulle culture Conception de l&rsquo;identit\u00e9 visuelle de l&rsquo;\u00e9mission \u00ab\u00a0La bulle culture\u00a0\u00bb. R\u00e9alisation de l&rsquo;ensemble des habillages de ce magazine culturel diffus\u00e9 dans le cadre de la [&hellip;]<\/p>\n","protected":false},"author":1,"featured_media":0,"parent":0,"menu_order":0,"comment_status":"closed","ping_status":"closed","template":"","meta":{"footnotes":""},"class_list":["post-215","page","type-page","status-publish","hentry"],"_links":{"self":[{"href":"https:\/\/www.chezlesfreud.com\/index.php\/wp-json\/wp\/v2\/pages\/215","targetHints":{"allow":["GET"]}}],"collection":[{"href":"https:\/\/www.chezlesfreud.com\/index.php\/wp-json\/wp\/v2\/pages"}],"about":[{"href":"https:\/\/www.chezlesfreud.com\/index.php\/wp-json\/wp\/v2\/types\/page"}],"author":[{"embeddable":true,"href":"https:\/\/www.chezlesfreud.com\/index.php\/wp-json\/wp\/v2\/users\/1"}],"replies":[{"embeddable":true,"href":"https:\/\/www.chezlesfreud.com\/index.php\/wp-json\/wp\/v2\/comments?post=215"}],"version-history":[{"count":21,"href":"https:\/\/www.chezlesfreud.com\/index.php\/wp-json\/wp\/v2\/pages\/215\/revisions"}],"predecessor-version":[{"id":420,"href":"https:\/\/www.chezlesfreud.com\/index.php\/wp-json\/wp\/v2\/pages\/215\/revisions\/420"}],"wp:attachment":[{"href":"https:\/\/www.chezlesfreud.com\/index.php\/wp-json\/wp\/v2\/media?parent=215"}],"curies":[{"name":"wp","href":"https:\/\/api.w.org\/{rel}","templated":true}]}}