{"id":303,"date":"2021-12-22T18:09:25","date_gmt":"2021-12-22T17:09:25","guid":{"rendered":"http:\/\/www.chezlesfreud.com\/?page_id=303"},"modified":"2023-12-30T20:36:29","modified_gmt":"2023-12-30T19:36:29","slug":"noel-2021-le-carrousel-a-bougies-weihnachtspyramid","status":"publish","type":"page","link":"https:\/\/www.chezlesfreud.com\/index.php\/noel-2021-le-carrousel-a-bougies-weihnachtspyramid\/","title":{"rendered":"No\u00ebl 2021 : le carrousel \u00e0 bougies (Weihnachtspyramid)"},"content":{"rendered":"\n<p>Cette ann\u00e9e on se lance dans un carrousel \u00e0 bougie comme en Allemagne, voil\u00e0 qui s&rsquo;annonce un peu d\u00e9licat du point de vue technique!<\/p>\n\n\n\n<h2 class=\"has-large-font-size wp-block-heading\">Notice de montage<\/h2>\n\n\n\n<figure class=\"wp-block-image size-full\"><img loading=\"lazy\" decoding=\"async\" width=\"2184\" height=\"2518\" src=\"http:\/\/www.chezlesfreud.com\/wp-content\/uploads\/2021\/12\/20211223_115509.jpg\" alt=\"\" class=\"wp-image-335\"\/><figcaption>Ouverture de la bo\u00efte<\/figcaption><\/figure>\n\n\n\n<figure class=\"wp-block-image size-full\"><img loading=\"lazy\" decoding=\"async\" width=\"1908\" height=\"3558\" src=\"http:\/\/www.chezlesfreud.com\/wp-content\/uploads\/2021\/12\/20211223_115642.jpg\" alt=\"\" class=\"wp-image-336\"\/><figcaption>V\u00e9rification du contenu de la bo\u00eete:<\/figcaption><\/figure>\n\n\n\n<ul class=\"wp-block-list\"><li>Un socle<\/li><li>Etage inf\u00e9rieur<\/li><li>Etage sup\u00e9rieur<\/li><li>Un axe tubulaire<\/li><li>Moyeu sup\u00e9rieur avec per\u00e7age pour pales<\/li><li>Rondelle support de plateau<\/li><li>Plateau tournant<\/li><li>12 pales<\/li><li>4 bougies<\/li><\/ul>\n\n\n\n<figure class=\"wp-block-image size-full\"><img loading=\"lazy\" decoding=\"async\" width=\"1907\" height=\"2311\" src=\"http:\/\/www.chezlesfreud.com\/wp-content\/uploads\/2021\/12\/20211223_115728.jpg\" alt=\"\" class=\"wp-image-338\"\/><figcaption>Assembler les deux \u00e9tages<\/figcaption><\/figure>\n\n\n\n<figure class=\"wp-block-image size-full\"><img loading=\"lazy\" decoding=\"async\" width=\"1907\" height=\"2992\" src=\"http:\/\/www.chezlesfreud.com\/wp-content\/uploads\/2021\/12\/20211223_115838.jpg\" alt=\"\" class=\"wp-image-339\"\/><figcaption>Fixer la rondelle porte-plateau sur l&rsquo;axe et glisser le plateau sur l&rsquo;axe<\/figcaption><\/figure>\n\n\n\n<figure class=\"wp-block-image size-full is-resized\"><img loading=\"lazy\" decoding=\"async\" src=\"http:\/\/www.chezlesfreud.com\/wp-content\/uploads\/2021\/12\/20211223_120209.jpg\" alt=\"\" class=\"wp-image-340\" width=\"674\" height=\"318\"\/><figcaption>Fixer le moyeu porte-pales sur le sommet de l&rsquo;axe<\/figcaption><\/figure>\n\n\n\n<figure class=\"wp-block-image size-full\"><img loading=\"lazy\" decoding=\"async\" width=\"1908\" height=\"3757\" src=\"http:\/\/www.chezlesfreud.com\/wp-content\/uploads\/2021\/12\/20211223_120237.jpg\" alt=\"\" class=\"wp-image-341\"\/><figcaption>Fixer l&rsquo;ensemble sur le socle, attention \u00e0 la position des tenons, il n&rsquo;y a qu&rsquo;une seule position possible<\/figcaption><\/figure>\n\n\n\n<figure class=\"wp-block-image size-full\"><img loading=\"lazy\" decoding=\"async\" width=\"3281\" height=\"1908\" src=\"http:\/\/www.chezlesfreud.com\/wp-content\/uploads\/2021\/12\/20211223_120342.jpg\" alt=\"\" class=\"wp-image-342\"\/><figcaption>Fixer les pales sur le moyeu sans forcer<\/figcaption><\/figure>\n\n\n\n<figure class=\"wp-block-image size-full\"><img loading=\"lazy\" decoding=\"async\" width=\"2922\" height=\"2184\" src=\"http:\/\/www.chezlesfreud.com\/wp-content\/uploads\/2021\/12\/20211223_120506.jpg\" alt=\"\" class=\"wp-image-343\"\/><figcaption>Mettre en place les 12 pales en leur donnant une orientation similaire \u00e0 la photo ci-dessus<\/figcaption><\/figure>\n\n\n\n<figure class=\"wp-block-video\"><video height=\"1080\" style=\"aspect-ratio: 1920 \/ 1080;\" width=\"1920\" controls src=\"http:\/\/www.chezlesfreud.com\/wp-content\/uploads\/2021\/12\/20211223_120927.mp4\"><\/video><figcaption>Disposer et allumer les bougies pour profiter du r\u00e9sultat<\/figcaption><\/figure>\n\n\n\n<h2 class=\"has-large-font-size wp-block-heading\">Making of<\/h2>\n\n\n\n<p class=\"has-medium-font-size\">Les pr\u00e9paratifs<\/p>\n\n\n\n<figure class=\"wp-block-image size-full\"><img loading=\"lazy\" decoding=\"async\" width=\"4608\" height=\"2184\" src=\"http:\/\/www.chezlesfreud.com\/wp-content\/uploads\/2021\/12\/20211212_213203.jpg\" alt=\"\" class=\"wp-image-304\"\/><figcaption>Une esquisse sommaire et une \u00e9bauche de maquette en carton pour commencer, \u00e9tape incontournable.<\/figcaption><\/figure>\n\n\n\n<div class=\"wp-block-group is-layout-flow wp-block-group-is-layout-flow\">\n<div class=\"wp-block-columns is-layout-flex wp-container-core-columns-is-layout-28f84493 wp-block-columns-is-layout-flex\">\n<div class=\"wp-block-column is-layout-flow wp-block-column-is-layout-flow\" style=\"flex-basis:100%\">\n<figure class=\"wp-block-image is-resized\"><img loading=\"lazy\" decoding=\"async\" src=\"http:\/\/www.chezlesfreud.com\/wp-content\/uploads\/2021\/12\/20211212_213246.jpg\" alt=\"\" class=\"wp-image-305\" width=\"338\" height=\"160\"\/><figcaption>Choix des (nobles) mat\u00e9riaux de base<\/figcaption><\/figure>\n\n\n\n<figure class=\"wp-block-image size-full is-resized\"><img loading=\"lazy\" decoding=\"async\" src=\"http:\/\/www.chezlesfreud.com\/wp-content\/uploads\/2021\/12\/20211218_190237.jpg\" alt=\"\" class=\"wp-image-306\" width=\"343\" height=\"161\"\/><\/figure>\n<\/div>\n<\/div>\n<\/div>\n\n\n\n<p class=\"has-medium-font-size\">La r\u00e9alisation<\/p>\n\n\n\n<figure class=\"wp-block-image size-full\"><img loading=\"lazy\" decoding=\"async\" width=\"1907\" height=\"1919\" src=\"http:\/\/www.chezlesfreud.com\/wp-content\/uploads\/2021\/12\/20211218_183120-1.jpg\" alt=\"\" class=\"wp-image-311\"\/><figcaption>Premiers \u00e9l\u00e9ments assembl\u00e9s<\/figcaption><\/figure>\n\n\n\n<figure class=\"wp-block-image size-full\"><img loading=\"lazy\" decoding=\"async\" width=\"4032\" height=\"1908\" src=\"http:\/\/www.chezlesfreud.com\/wp-content\/uploads\/2021\/12\/20211218_131315.jpg\" alt=\"\" class=\"wp-image-313\"\/><figcaption>La fabrication des support de pales<\/figcaption><\/figure>\n\n\n\n<figure class=\"wp-block-image size-full\"><img loading=\"lazy\" decoding=\"async\" width=\"1908\" height=\"1906\" src=\"http:\/\/www.chezlesfreud.com\/wp-content\/uploads\/2021\/12\/20211218_132628-1.jpg\" alt=\"\" class=\"wp-image-315\"\/><\/figure>\n\n\n\n<figure class=\"wp-block-image size-full\"><img loading=\"lazy\" decoding=\"async\" width=\"4032\" height=\"1908\" src=\"http:\/\/www.chezlesfreud.com\/wp-content\/uploads\/2021\/12\/20211218_184646-1.jpg\" alt=\"\" class=\"wp-image-317\"\/><figcaption>La fabrication des pales<\/figcaption><\/figure>\n\n\n\n<figure class=\"wp-block-image size-full\"><img loading=\"lazy\" decoding=\"async\" width=\"4032\" height=\"1908\" src=\"http:\/\/www.chezlesfreud.com\/wp-content\/uploads\/2021\/12\/20211218_184741.jpg\" alt=\"\" class=\"wp-image-318\"\/><\/figure>\n\n\n\n<figure class=\"wp-block-image size-full\"><img loading=\"lazy\" decoding=\"async\" width=\"1907\" height=\"2552\" src=\"http:\/\/www.chezlesfreud.com\/wp-content\/uploads\/2021\/12\/20211220_083404.jpg\" alt=\"\" class=\"wp-image-322\"\/><\/figure>\n\n\n\n<p>Le montage<\/p>\n\n\n\n<figure class=\"wp-block-image size-full\"><img loading=\"lazy\" decoding=\"async\" width=\"1907\" height=\"2598\" src=\"http:\/\/www.chezlesfreud.com\/wp-content\/uploads\/2021\/12\/20211220_085713.jpg\" alt=\"\" class=\"wp-image-321\"\/><\/figure>\n\n\n\n<figure class=\"wp-block-image size-full\"><img loading=\"lazy\" decoding=\"async\" width=\"1908\" height=\"2420\" src=\"http:\/\/www.chezlesfreud.com\/wp-content\/uploads\/2021\/12\/20211219_124450.jpg\" alt=\"\" class=\"wp-image-320\"\/><\/figure>\n\n\n\n<figure class=\"wp-block-image size-full\"><img loading=\"lazy\" decoding=\"async\" width=\"1907\" height=\"2563\" src=\"http:\/\/www.chezlesfreud.com\/wp-content\/uploads\/2021\/12\/20211220_085738.jpg\" alt=\"\" class=\"wp-image-323\"\/><\/figure>\n\n\n\n<h2 class=\"has-medium-font-size wp-block-heading\">Les mat\u00e9riaux utilis\u00e9s<\/h2>\n\n\n\n<ul class=\"wp-block-list\"><li>Socles horizontaux : estrade de la chambre de Marie apr\u00e8s d\u00e9montage<\/li><li>Panneaux verticaux : chutes de la biblioth\u00e8que de Lucien<\/li><li>Pales et panneaux de finition de l&rsquo;\u00e9tage sup\u00e9rieur : cagette (qui a transport\u00e9 les courges de Papi)<\/li><li>Moyeux : reste de planche de sapin dont l&rsquo;origine a \u00e9t\u00e9 oubli\u00e9e depuis longtemps<\/li><li>Attache des pales : baguette cylindrique (qui a servi \u00e0 reboucher le plancher de l&rsquo;\u00e9tage au moment de l&#8217;emm\u00e9nagement \u00e0 Pontoise<\/li><li>Axe : chute du rack \u00e0 verres plus une vis d\u00e9capit\u00e9e et une rondelle en laiton qui passait par l\u00e0<\/li><li>Plateau tournant : couvercle de bo\u00eete de chocolats (merci Marie)<\/li><\/ul>\n\n\n\n<p><\/p>\n","protected":false},"excerpt":{"rendered":"<p>Cette ann\u00e9e on se lance dans un carrousel \u00e0 bougie comme en Allemagne, voil\u00e0 qui s&rsquo;annonce un peu d\u00e9licat du point de vue technique! Notice de montage Un socle Etage inf\u00e9rieur Etage sup\u00e9rieur Un axe tubulaire Moyeu sup\u00e9rieur avec per\u00e7age pour pales Rondelle support de plateau Plateau tournant 12 pales 4 bougies Making of Les [&hellip;]<\/p>\n","protected":false},"author":1,"featured_media":437,"parent":0,"menu_order":0,"comment_status":"closed","ping_status":"closed","template":"","meta":{"footnotes":""},"class_list":["post-303","page","type-page","status-publish","has-post-thumbnail","hentry"],"_links":{"self":[{"href":"https:\/\/www.chezlesfreud.com\/index.php\/wp-json\/wp\/v2\/pages\/303","targetHints":{"allow":["GET"]}}],"collection":[{"href":"https:\/\/www.chezlesfreud.com\/index.php\/wp-json\/wp\/v2\/pages"}],"about":[{"href":"https:\/\/www.chezlesfreud.com\/index.php\/wp-json\/wp\/v2\/types\/page"}],"author":[{"embeddable":true,"href":"https:\/\/www.chezlesfreud.com\/index.php\/wp-json\/wp\/v2\/users\/1"}],"replies":[{"embeddable":true,"href":"https:\/\/www.chezlesfreud.com\/index.php\/wp-json\/wp\/v2\/comments?post=303"}],"version-history":[{"count":11,"href":"https:\/\/www.chezlesfreud.com\/index.php\/wp-json\/wp\/v2\/pages\/303\/revisions"}],"predecessor-version":[{"id":346,"href":"https:\/\/www.chezlesfreud.com\/index.php\/wp-json\/wp\/v2\/pages\/303\/revisions\/346"}],"wp:featuredmedia":[{"embeddable":true,"href":"https:\/\/www.chezlesfreud.com\/index.php\/wp-json\/wp\/v2\/media\/437"}],"wp:attachment":[{"href":"https:\/\/www.chezlesfreud.com\/index.php\/wp-json\/wp\/v2\/media?parent=303"}],"curies":[{"name":"wp","href":"https:\/\/api.w.org\/{rel}","templated":true}]}}