{"id":326,"date":"2021-12-22T18:29:42","date_gmt":"2021-12-22T17:29:42","guid":{"rendered":"http:\/\/www.chezlesfreud.com\/?page_id=326"},"modified":"2025-12-14T19:53:57","modified_gmt":"2025-12-14T18:53:57","slug":"creations","status":"publish","type":"page","link":"https:\/\/www.chezlesfreud.com\/index.php\/creations\/","title":{"rendered":"Cr\u00e9ations"},"content":{"rendered":"\n<p>Des cr\u00e9ations \u00e0 base de mat\u00e9riaux essentiellement sourc\u00e9s dans la cave de la maison, bienvenue dans la surcyclerie des Freud!<\/p>\n\n\n\n<h3 class=\"wp-block-heading\"><a href=\"https:\/\/www.chezlesfreud.com\/index.php\/noel-2025-le-pentaflore\/\" data-type=\"page\" data-id=\"579\">No\u00ebl 2025 : le Pentaflore<\/a><\/h3>\n\n\n\n<p>Cette ann\u00e9e, je vous propose un surcyclage plus modeste que certains mill\u00e9simes pr\u00e9c\u00e9dents, mais pas moins durable<\/p>\n\n\n\n<h3 class=\"wp-block-heading\"><a href=\"https:\/\/www.chezlesfreud.com\/index.php\/noel-2024-le-quarto\/\" data-type=\"page\" data-id=\"563\">No\u00ebl 2024 : le Quarto<\/a><\/h3>\n\n\n\n<p>Un jeu de plateau passionnant, toujours 100% r\u00e9cup&rsquo;<\/p>\n\n\n\n<h3 class=\"wp-block-heading\"><a href=\"https:\/\/www.chezlesfreud.com\/index.php\/noel-2023-le-jeu-de-trac\/\" data-type=\"page\" data-id=\"440\">No\u00ebl 2023 : le jeu de Trac<\/a><\/h3>\n\n\n\n<p>Cette ann\u00e9e un No\u00ebl sous le signe des jeux de soci\u00e9t\u00e9 avec un jeu de trac tout en transparence pour commencer <\/p>\n\n\n\n<h3 class=\"wp-block-heading\"><a href=\"https:\/\/www.chezlesfreud.com\/index.php\/noel-2023-le-421\/\" data-type=\"page\" data-id=\"473\">No\u00ebl 2023 : le 421<\/a><\/h3>\n\n\n\n<p>Deux jeux pour No\u00ebl cette ann\u00e9e, avec ce grand classique, surcycl\u00e9 bien s\u00fbr<\/p>\n\n\n\n<h3 class=\"wp-block-heading\"><a href=\"http:\/\/www.chezlesfreud.com\/index.php\/noel-2022-le-village-illumine\/\">No\u00ebl 2022 : le village illumin\u00e9<\/a><\/h3>\n\n\n\n<p>Un village de silhouettes en pl\u00e2tre r\u00e9tro-\u00e9clair\u00e9es par des bougies <\/p>\n\n\n\n<h3 class=\"wp-block-heading\"><a href=\"http:\/\/www.chezlesfreud.com\/index.php\/noel-2022-le-carrousel-a-bougies-nouvelle-generation\/\" data-type=\"URL\" data-id=\"http:\/\/www.chezlesfreud.com\/index.php\/noel-2022-le-carrousel-a-bougies-nouvelle-generation\/\">No\u00ebl 2022 : le carrousel \u00e0 bougies nouvelle g\u00e9n\u00e9ration<\/a><\/h3>\n\n\n\n<p>Un carrousel \u00e0 bougies \u00e0 base de tuyaux de cuivre, contreplaqu\u00e9 et cagette en bois<\/p>\n\n\n\n<h3 class=\"wp-block-heading\"><a href=\"http:\/\/www.chezlesfreud.com\/index.php\/noel-2021-le-carrousel-a-bougies-weihnachtspyramid\/\">No\u00ebl 2021 : le carrousel \u00e0 bougies<\/a><\/h3>\n\n\n\n<p>Un carrousel \u00e0 bougies fait de chutes de bois et cagette \u00e0 l\u00e9gumes<\/p>\n\n\n\n<h3 class=\"wp-block-heading\"><a href=\"http:\/\/www.chezlesfreud.com\/index.php\/la-creche-surcylee-2020-des-freud\/\">No\u00ebl 2020 : la cr\u00e8che surcycl\u00e9e<\/a><\/h3>\n\n\n\n<p>Une cr\u00e8ches miraculeusement issue des rebuts du fond de cave <\/p>\n\n\n\n<p><\/p>\n","protected":false},"excerpt":{"rendered":"<p>Des cr\u00e9ations \u00e0 base de mat\u00e9riaux essentiellement sourc\u00e9s dans la cave de la maison, bienvenue dans la surcyclerie des Freud! No\u00ebl 2025 : le Pentaflore Cette ann\u00e9e, je vous propose un surcyclage plus modeste que certains mill\u00e9simes pr\u00e9c\u00e9dents, mais pas moins durable No\u00ebl 2024 : le Quarto Un jeu de plateau passionnant, toujours 100% r\u00e9cup&rsquo; [&hellip;]<\/p>\n","protected":false},"author":1,"featured_media":432,"parent":0,"menu_order":0,"comment_status":"closed","ping_status":"closed","template":"","meta":{"footnotes":""},"class_list":["post-326","page","type-page","status-publish","has-post-thumbnail","hentry"],"_links":{"self":[{"href":"https:\/\/www.chezlesfreud.com\/index.php\/wp-json\/wp\/v2\/pages\/326","targetHints":{"allow":["GET"]}}],"collection":[{"href":"https:\/\/www.chezlesfreud.com\/index.php\/wp-json\/wp\/v2\/pages"}],"about":[{"href":"https:\/\/www.chezlesfreud.com\/index.php\/wp-json\/wp\/v2\/types\/page"}],"author":[{"embeddable":true,"href":"https:\/\/www.chezlesfreud.com\/index.php\/wp-json\/wp\/v2\/users\/1"}],"replies":[{"embeddable":true,"href":"https:\/\/www.chezlesfreud.com\/index.php\/wp-json\/wp\/v2\/comments?post=326"}],"version-history":[{"count":14,"href":"https:\/\/www.chezlesfreud.com\/index.php\/wp-json\/wp\/v2\/pages\/326\/revisions"}],"predecessor-version":[{"id":586,"href":"https:\/\/www.chezlesfreud.com\/index.php\/wp-json\/wp\/v2\/pages\/326\/revisions\/586"}],"wp:featuredmedia":[{"embeddable":true,"href":"https:\/\/www.chezlesfreud.com\/index.php\/wp-json\/wp\/v2\/media\/432"}],"wp:attachment":[{"href":"https:\/\/www.chezlesfreud.com\/index.php\/wp-json\/wp\/v2\/media?parent=326"}],"curies":[{"name":"wp","href":"https:\/\/api.w.org\/{rel}","templated":true}]}}