{"id":371,"date":"2022-12-23T12:53:52","date_gmt":"2022-12-23T11:53:52","guid":{"rendered":"http:\/\/www.chezlesfreud.com\/?page_id=371"},"modified":"2022-12-26T19:40:12","modified_gmt":"2022-12-26T18:40:12","slug":"noel-2022-le-carrousel-a-bougies-nouvelle-generation","status":"publish","type":"page","link":"https:\/\/www.chezlesfreud.com\/index.php\/noel-2022-le-carrousel-a-bougies-nouvelle-generation\/","title":{"rendered":"No\u00ebl 2022 : le carrousel \u00e0 bougies nouvelle g\u00e9n\u00e9ration"},"content":{"rendered":"\n<p>Cette ann\u00e9e, nous vous proposons un cadeau durable, participatif et collaboratif.<\/p>\n\n\n\n<p>Au lieu d\u2019un objet manufactur\u00e9 dans un pays \u00e0 faible co\u00fbt de main d\u2019\u0153uvre, transport\u00e9 avec un bilan carbone d\u00e9sastreux, nous avons opt\u00e9 pour un cadeau enti\u00e8rement constitu\u00e9 d\u2019\u00e9l\u00e9ments recycl\u00e9s, \u00e0 terminer soi-m\u00eame afin que vous puissiez mettre en avant vos capacit\u00e9s manuelles et faire la d\u00e9monstration de votre r\u00e9silience.<\/p>\n\n\n\n<h2 class=\"wp-block-heading\">Contenu de la bo\u00eete<\/h2>\n\n\n\n<p>Vous trouverez dans ce kit&nbsp;:<\/p>\n\n\n\n<div class=\"wp-block-columns is-layout-flex wp-container-core-columns-is-layout-28f84493 wp-block-columns-is-layout-flex\">\n<div class=\"wp-block-column is-layout-flow wp-block-column-is-layout-flow\" style=\"flex-basis:100%\"><\/div>\n<\/div>\n\n\n\n<figure class=\"wp-block-image size-full\"><img loading=\"lazy\" decoding=\"async\" width=\"2392\" height=\"1799\" src=\"http:\/\/www.chezlesfreud.com\/wp-content\/uploads\/2022\/12\/Cabou001-1.jpg\" alt=\"\" class=\"wp-image-397\"\/><\/figure>\n\n\n\n<div class=\"wp-block-media-text alignwide has-media-on-the-right is-stacked-on-mobile\" style=\"grid-template-columns:auto 17%\"><div class=\"wp-block-media-text__content\">\n<p class=\"has-text-align-left\">Un plateau hexagonal correspondant \u00e0 la base du carrousel (pr\u00e9sente des perforations sur une seule face)<\/p>\n<\/div><figure class=\"wp-block-media-text__media\"><a href=\"http:\/\/www.chezlesfreud.com\/wp-content\/uploads\/2022\/12\/Cabou002.jpg\"><img loading=\"lazy\" decoding=\"async\" width=\"1848\" height=\"2185\" src=\"http:\/\/www.chezlesfreud.com\/wp-content\/uploads\/2022\/12\/Cabou002.jpg\" alt=\"\" class=\"wp-image-382 size-full\"\/><\/a><\/figure><\/div>\n\n\n\n<div class=\"wp-block-media-text alignwide has-media-on-the-right is-stacked-on-mobile\" style=\"grid-template-columns:auto 17%\"><div class=\"wp-block-media-text__content\">\n<p>Un plateau hexagonal pour le niveau interm\u00e9diaire (avec des perforations sur les deux faces)<\/p>\n<\/div><figure class=\"wp-block-media-text__media\"><a href=\"http:\/\/www.chezlesfreud.com\/wp-content\/uploads\/2022\/12\/Cabou003.jpg\"><img loading=\"lazy\" decoding=\"async\" width=\"2273\" height=\"1847\" src=\"http:\/\/www.chezlesfreud.com\/wp-content\/uploads\/2022\/12\/Cabou003.jpg\" alt=\"\" class=\"wp-image-383 size-full\"\/><\/a><\/figure><\/div>\n\n\n\n<div class=\"wp-block-media-text alignwide has-media-on-the-right is-stacked-on-mobile\" style=\"grid-template-columns:auto 17%\"><div class=\"wp-block-media-text__content\">\n<p>Un plateau hexagonal pour le niveau sup\u00e9rieur (de plus petite taille)<\/p>\n<\/div><figure class=\"wp-block-media-text__media\"><a href=\"http:\/\/www.chezlesfreud.com\/wp-content\/uploads\/2022\/12\/Cabou004.jpg\"><img loading=\"lazy\" decoding=\"async\" width=\"1842\" height=\"1847\" src=\"http:\/\/www.chezlesfreud.com\/wp-content\/uploads\/2022\/12\/Cabou004.jpg\" alt=\"\" class=\"wp-image-385 size-full\"\/><\/a><\/figure><\/div>\n\n\n\n<div class=\"wp-block-media-text alignwide has-media-on-the-right is-stacked-on-mobile\" style=\"grid-template-columns:auto 21%\"><div class=\"wp-block-media-text__content\">\n<p>6 tubes en cuivre de diam\u00e8tres 16mm<\/p>\n<\/div><figure class=\"wp-block-media-text__media\"><a href=\"http:\/\/www.chezlesfreud.com\/wp-content\/uploads\/2022\/12\/20221226_170016.jpg\"><img loading=\"lazy\" decoding=\"async\" width=\"4000\" height=\"1848\" src=\"http:\/\/www.chezlesfreud.com\/wp-content\/uploads\/2022\/12\/20221226_170016.jpg\" alt=\"\" class=\"wp-image-387 size-full\"\/><\/a><\/figure><\/div>\n\n\n\n<div class=\"wp-block-media-text alignwide has-media-on-the-right is-stacked-on-mobile\" style=\"grid-template-columns:auto 17%\"><div class=\"wp-block-media-text__content\">\n<p>6 tubes en cuivre de diam\u00e8tres 14mm<\/p>\n<\/div><figure class=\"wp-block-media-text__media\"><a href=\"http:\/\/www.chezlesfreud.com\/wp-content\/uploads\/2022\/12\/Cabou008-1.jpg\"><img loading=\"lazy\" decoding=\"async\" width=\"1847\" height=\"2493\" src=\"http:\/\/www.chezlesfreud.com\/wp-content\/uploads\/2022\/12\/Cabou008-1.jpg\" alt=\"\" class=\"wp-image-394 size-full\"\/><\/a><\/figure><\/div>\n\n\n\n<div class=\"wp-block-media-text alignwide has-media-on-the-right is-stacked-on-mobile\" style=\"grid-template-columns:auto 17%\"><div class=\"wp-block-media-text__content\">\n<p>12 plots en plastiques avec vis s\u2019embo\u00eetant dans les tubes de 16mm<br>12 plots en plastiques avec vis s\u2019embo\u00eetant dans les tubes de 14mm<\/p>\n<\/div><figure class=\"wp-block-media-text__media\"><a href=\"http:\/\/www.chezlesfreud.com\/wp-content\/uploads\/2022\/12\/Cabou005.jpg\"><img loading=\"lazy\" decoding=\"async\" width=\"1848\" height=\"1794\" src=\"http:\/\/www.chezlesfreud.com\/wp-content\/uploads\/2022\/12\/Cabou005.jpg\" alt=\"\" class=\"wp-image-389 size-full\"\/><\/a><\/figure><\/div>\n\n\n\n<div class=\"wp-block-media-text alignwide has-media-on-the-right is-stacked-on-mobile\" style=\"grid-template-columns:auto 17%\"><div class=\"wp-block-media-text__content\">\n<p>Un moyeu en bois avec 12 perforations pour la fixation des pales<\/p>\n<\/div><figure class=\"wp-block-media-text__media\"><a href=\"http:\/\/www.chezlesfreud.com\/wp-content\/uploads\/2022\/12\/Cabou010.jpg\"><img loading=\"lazy\" decoding=\"async\" width=\"1720\" height=\"1547\" src=\"http:\/\/www.chezlesfreud.com\/wp-content\/uploads\/2022\/12\/Cabou010.jpg\" alt=\"\" class=\"wp-image-390 size-full\"\/><\/a><\/figure><\/div>\n\n\n\n<div class=\"wp-block-media-text alignwide has-media-on-the-right is-stacked-on-mobile\" style=\"grid-template-columns:auto 17%\"><div class=\"wp-block-media-text__content\">\n<p>15 pales en bois (12 sont n\u00e9cessaires)<\/p>\n<\/div><figure class=\"wp-block-media-text__media\"><a href=\"http:\/\/www.chezlesfreud.com\/wp-content\/uploads\/2022\/12\/Cabou009.jpg\"><img loading=\"lazy\" decoding=\"async\" width=\"3025\" height=\"1847\" src=\"http:\/\/www.chezlesfreud.com\/wp-content\/uploads\/2022\/12\/Cabou009.jpg\" alt=\"\" class=\"wp-image-391 size-full\"\/><\/a><\/figure><\/div>\n\n\n\n<div class=\"wp-block-media-text alignwide has-media-on-the-right is-stacked-on-mobile\" style=\"grid-template-columns:auto 17%\"><div class=\"wp-block-media-text__content\">\n<p>15 supports de pales<\/p>\n<\/div><figure class=\"wp-block-media-text__media\"><a href=\"http:\/\/www.chezlesfreud.com\/wp-content\/uploads\/2022\/12\/Cabou006-1.jpg\"><img loading=\"lazy\" decoding=\"async\" width=\"1847\" height=\"2252\" src=\"http:\/\/www.chezlesfreud.com\/wp-content\/uploads\/2022\/12\/Cabou006-1.jpg\" alt=\"\" class=\"wp-image-393 size-full\"\/><\/a><\/figure><\/div>\n\n\n\n<div class=\"wp-block-media-text alignwide has-media-on-the-right is-stacked-on-mobile\" style=\"grid-template-columns:auto 17%\"><div class=\"wp-block-media-text__content\">\n<p>Un plateau en m\u00e9tal<\/p>\n<\/div><figure class=\"wp-block-media-text__media\"><a href=\"http:\/\/www.chezlesfreud.com\/wp-content\/uploads\/2022\/12\/Cabou012.jpg\"><img loading=\"lazy\" decoding=\"async\" width=\"2302\" height=\"1847\" src=\"http:\/\/www.chezlesfreud.com\/wp-content\/uploads\/2022\/12\/Cabou012.jpg\" alt=\"\" class=\"wp-image-395 size-full\"\/><\/a><\/figure><\/div>\n\n\n\n<div class=\"wp-block-media-text alignwide has-media-on-the-right is-stacked-on-mobile\" style=\"grid-template-columns:auto 20%\"><div class=\"wp-block-media-text__content\">\n<p>Un jeu d\u2019axes en tube d\u2019aluminium et vis<\/p>\n<\/div><figure class=\"wp-block-media-text__media\"><a href=\"http:\/\/www.chezlesfreud.com\/wp-content\/uploads\/2022\/12\/Cabou011.jpg\"><img loading=\"lazy\" decoding=\"async\" width=\"3560\" height=\"1291\" src=\"http:\/\/www.chezlesfreud.com\/wp-content\/uploads\/2022\/12\/Cabou011.jpg\" alt=\"\" class=\"wp-image-396 size-full\"\/><\/a><\/figure><\/div>\n\n\n\n<h2 class=\"wp-block-heading\">Finalisation du kit<\/h2>\n\n\n\n<p>C\u2019est ici que l\u2019aspect collaboratif du cadeau prend toute sa dimension.<\/p>\n\n\n\n<p>Pour profiter pleinement de votre carrousel il vous faudra&nbsp;:<\/p>\n\n\n\n<ul class=\"wp-block-list\">\n<li>Finaliser les plateaux en appliquant un vernis incolore ou une peinture selon vos go\u00fbts<\/li>\n\n\n\n<li>Percer les passages des axes dans ces plateaux (ajouter une rondelle en cuivre sur le plateau sup\u00e9rieur pour r\u00e9duire le frottement)<\/li>\n\n\n\n<li>Faire briller les tubes en cuivres de tous leurs feux (p\u00e2te \u00e0 polir bistro et huile de coude recommand\u00e9s)<\/li>\n\n\n\n<li>Couper les tubes d\u2019aluminium \u00e0 la bonne longueur et les assembler avec les vis dont vous aurez supprim\u00e9 les t\u00eates et les \u00e9crous<\/li>\n\n\n\n<li>Fabriquer une plaque sur laquelle la pointe de l\u2019axe pourra tourner avec un minimum de frottements (non fournie dans le kit)<\/li>\n\n\n\n<li>Monter les pales sur le moyeu avec les supports fournis et fixer le moyeu sur l\u2019axe<\/li>\n\n\n\n<li>Percer le plateau m\u00e9tallique, le peindre (bombe dor\u00e9e sugg\u00e9r\u00e9e) et le fixer sur l\u2019axe au niveau inf\u00e9rieur. Il y a possibilit\u00e9 d\u2019ajouter un plateau au niveau sup\u00e9rieur (un couvercle de bo\u00eete Illy pourrait faire l\u2019affaire)<\/li>\n\n\n\n<li>Visser les plots en plastique sur les plateaux hexagonaux et embo\u00eeter les tubes sur les plots<\/li>\n\n\n\n<li>Trouver des bougies et des supports pour les installer autour du man\u00e8ge<\/li>\n<\/ul>\n\n\n\n<p>Et pour finir, allumer les bougies et croiser les doigts pour que \u00e7a tourne&nbsp;!!! Quelques ajustements sont g\u00e9n\u00e9ralement n\u00e9cessaires pour obtenir une rotation harmonieuse.<\/p>\n\n\n\n<p>Vous pouvez bien s\u00fbr personnaliser votre carrousel en ajoutant des figurines sur les plateaux et des d\u00e9cors sur les diff\u00e9rents \u00e9tages. Laissez libre cours \u00e0 votre cr\u00e9ativit\u00e9 !<\/p>\n","protected":false},"excerpt":{"rendered":"<p>Cette ann\u00e9e, nous vous proposons un cadeau durable, participatif et collaboratif. Au lieu d\u2019un objet manufactur\u00e9 dans un pays \u00e0 faible co\u00fbt de main d\u2019\u0153uvre, transport\u00e9 avec un bilan carbone d\u00e9sastreux, nous avons opt\u00e9 pour un cadeau enti\u00e8rement constitu\u00e9 d\u2019\u00e9l\u00e9ments recycl\u00e9s, \u00e0 terminer soi-m\u00eame afin que vous puissiez mettre en avant vos capacit\u00e9s manuelles et [&hellip;]<\/p>\n","protected":false},"author":1,"featured_media":0,"parent":0,"menu_order":0,"comment_status":"closed","ping_status":"closed","template":"","meta":{"footnotes":""},"class_list":["post-371","page","type-page","status-publish","hentry"],"_links":{"self":[{"href":"https:\/\/www.chezlesfreud.com\/index.php\/wp-json\/wp\/v2\/pages\/371","targetHints":{"allow":["GET"]}}],"collection":[{"href":"https:\/\/www.chezlesfreud.com\/index.php\/wp-json\/wp\/v2\/pages"}],"about":[{"href":"https:\/\/www.chezlesfreud.com\/index.php\/wp-json\/wp\/v2\/types\/page"}],"author":[{"embeddable":true,"href":"https:\/\/www.chezlesfreud.com\/index.php\/wp-json\/wp\/v2\/users\/1"}],"replies":[{"embeddable":true,"href":"https:\/\/www.chezlesfreud.com\/index.php\/wp-json\/wp\/v2\/comments?post=371"}],"version-history":[{"count":5,"href":"https:\/\/www.chezlesfreud.com\/index.php\/wp-json\/wp\/v2\/pages\/371\/revisions"}],"predecessor-version":[{"id":416,"href":"https:\/\/www.chezlesfreud.com\/index.php\/wp-json\/wp\/v2\/pages\/371\/revisions\/416"}],"wp:attachment":[{"href":"https:\/\/www.chezlesfreud.com\/index.php\/wp-json\/wp\/v2\/media?parent=371"}],"curies":[{"name":"wp","href":"https:\/\/api.w.org\/{rel}","templated":true}]}}