{"id":440,"date":"2023-12-30T21:52:02","date_gmt":"2023-12-30T20:52:02","guid":{"rendered":"https:\/\/www.chezlesfreud.com\/?page_id=440"},"modified":"2025-12-14T19:19:15","modified_gmt":"2025-12-14T18:19:15","slug":"noel-2023-le-jeu-de-trac","status":"publish","type":"page","link":"https:\/\/www.chezlesfreud.com\/index.php\/noel-2023-le-jeu-de-trac\/","title":{"rendered":"No\u00ebl 2023 : le jeu de Trac"},"content":{"rendered":"\n<figure class=\"wp-block-image size-full is-style-rounded is-style-rounded--1\"><img loading=\"lazy\" decoding=\"async\" width=\"1200\" height=\"927\" src=\"https:\/\/www.chezlesfreud.com\/wp-content\/uploads\/2023\/12\/WhatsApp-Image-2023-12-30-at-13.27.13.jpg\" alt=\"\" class=\"wp-image-441\"\/><\/figure>\n\n\n\n<p>Connu en France sous le nom \u00ab\u00a0<strong>Fermer la bo\u00eete<\/strong>\u00a0\u00bb ou encore \u00ab\u00a0<strong>Jeu de trac<\/strong>\u00ab\u00a0, le \u00ab\u00a0<strong>Shut the box<\/strong>\u00a0\u00bb fut probablement cr\u00e9e dans les \u00eeles anglo-normandes dans le courant du 18\u00e8me si\u00e8cle et \u00e9tait alors pratiqu\u00e9 dans les pubs, par les p\u00eacheurs et les marins. S\u2019il conserve aujourd\u2019hui son nom anglais, il fut d&rsquo;abord connu en France sous le nom de Trac, un jeu auquel ou jouait dans les caf\u00e9s.<\/p>\n\n\n\n<figure class=\"wp-block-image size-full is-resized\"><img loading=\"lazy\" decoding=\"async\" width=\"4000\" height=\"1848\" src=\"https:\/\/www.chezlesfreud.com\/wp-content\/uploads\/2023\/12\/20231209_122807.jpg\" alt=\"\" class=\"wp-image-442\" style=\"width:620px;height:auto\"\/><figcaption class=\"wp-element-caption\">L\u2019id\u00e9e de base \u00e0 partir d\u2019un jeu chin\u00e9 dans une brocante&#8230;<\/figcaption><\/figure>\n\n\n\n<figure class=\"wp-block-image size-full\"><img loading=\"lazy\" decoding=\"async\" width=\"4000\" height=\"1848\" src=\"https:\/\/www.chezlesfreud.com\/wp-content\/uploads\/2023\/12\/20231209_123755.jpg\" alt=\"\" class=\"wp-image-443\"\/><figcaption class=\"wp-element-caption\">Le mat\u00e9riau de base : une plaque de Plexiglas r\u00e9cup\u00e9r\u00e9e lors du r\u00e9am\u00e9nagement de\u00a0 la mezzanine<\/figcaption><\/figure>\n\n\n\n<figure class=\"wp-block-gallery has-nested-images columns-default is-cropped wp-block-gallery-2 is-layout-flex wp-block-gallery-is-layout-flex\">\n<figure class=\"wp-block-image size-large\"><img loading=\"lazy\" decoding=\"async\" width=\"1813\" height=\"2061\" data-id=\"444\" src=\"https:\/\/www.chezlesfreud.com\/wp-content\/uploads\/2023\/12\/20231209_182054.jpg\" alt=\"\" class=\"wp-image-444\"\/><\/figure>\n\n\n\n<figure class=\"wp-block-image size-large\"><img loading=\"lazy\" decoding=\"async\" width=\"2908\" height=\"1748\" data-id=\"445\" src=\"https:\/\/www.chezlesfreud.com\/wp-content\/uploads\/2023\/12\/20231209_182353.jpg\" alt=\"\" class=\"wp-image-445\"\/><\/figure>\n<figcaption class=\"blocks-gallery-caption wp-element-caption\">D\u00e9coupage des pi\u00e8ces de Plexiglas<\/figcaption><\/figure>\n\n\n\n<figure class=\"wp-block-gallery has-nested-images columns-default is-cropped wp-block-gallery-3 is-layout-flex wp-block-gallery-is-layout-flex\">\n<figure class=\"wp-block-image size-large\"><img loading=\"lazy\" decoding=\"async\" width=\"1844\" height=\"2753\" data-id=\"446\" src=\"https:\/\/www.chezlesfreud.com\/wp-content\/uploads\/2023\/12\/20231211_224424.jpg\" alt=\"\" class=\"wp-image-446\"\/><\/figure>\n\n\n\n<figure class=\"wp-block-image size-large\"><img loading=\"lazy\" decoding=\"async\" width=\"4000\" height=\"1848\" data-id=\"447\" src=\"https:\/\/www.chezlesfreud.com\/wp-content\/uploads\/2023\/12\/20231211_224522.jpg\" alt=\"\" class=\"wp-image-447\"\/><\/figure>\n<figcaption class=\"blocks-gallery-caption wp-element-caption\">Gravure des num\u00e9ros et premier montage \u00e0 blanc<\/figcaption><\/figure>\n\n\n\n<figure class=\"wp-block-gallery has-nested-images columns-default is-cropped wp-block-gallery-4 is-layout-flex wp-block-gallery-is-layout-flex\">\n<figure class=\"wp-block-image size-large\"><img loading=\"lazy\" decoding=\"async\" width=\"1835\" height=\"3587\" data-id=\"449\" src=\"https:\/\/www.chezlesfreud.com\/wp-content\/uploads\/2023\/12\/20231215_210538.jpg\" alt=\"\" class=\"wp-image-449\"\/><\/figure>\n\n\n\n<figure class=\"wp-block-image size-large\"><img loading=\"lazy\" decoding=\"async\" width=\"4000\" height=\"1848\" data-id=\"450\" src=\"https:\/\/www.chezlesfreud.com\/wp-content\/uploads\/2023\/12\/20231217_120401.jpg\" alt=\"\" class=\"wp-image-450\"\/><\/figure>\n\n\n\n<figure class=\"wp-block-image size-large\"><img loading=\"lazy\" decoding=\"async\" width=\"908\" height=\"2016\" data-id=\"448\" src=\"https:\/\/www.chezlesfreud.com\/wp-content\/uploads\/2023\/12\/WhatsApp-Image-2023-12-20-at-22.29.38.jpeg\" alt=\"\" class=\"wp-image-448\"\/><\/figure>\n<figcaption class=\"blocks-gallery-caption wp-element-caption\">Fabrication des d\u00e9s \u00e0 partir d\u2019une chute de tasseau en h\u00eatre<\/figcaption><\/figure>\n\n\n\n<figure class=\"wp-block-image size-full\"><img loading=\"lazy\" decoding=\"async\" width=\"4000\" height=\"1848\" src=\"https:\/\/www.chezlesfreud.com\/wp-content\/uploads\/2023\/12\/20231220_212625.jpg\" alt=\"\" class=\"wp-image-451\"\/><figcaption class=\"wp-element-caption\">On ajoute un support de fer \u00e0 repasser pour servir d\u2019axe, un cintre de blanchisserie sacrifi\u00e9 pour faire le support des taquets, des chutes de corni\u00e8re en aluminium pour la fixation du couvercle et un set de table en li\u00e8ge pour la piste de d\u00e9s et voici le r\u00e9sultat final&#8230;<br>\u00a0<\/figcaption><\/figure>\n","protected":false},"excerpt":{"rendered":"<p>Connu en France sous le nom \u00ab\u00a0Fermer la bo\u00eete\u00a0\u00bb ou encore \u00ab\u00a0Jeu de trac\u00ab\u00a0, le \u00ab\u00a0Shut the box\u00a0\u00bb fut probablement cr\u00e9e dans les \u00eeles anglo-normandes dans le courant du 18\u00e8me si\u00e8cle et \u00e9tait alors pratiqu\u00e9 dans les pubs, par les p\u00eacheurs et les marins. S\u2019il conserve aujourd\u2019hui son nom anglais, il fut d&rsquo;abord connu en [&hellip;]<\/p>\n","protected":false},"author":1,"featured_media":0,"parent":0,"menu_order":0,"comment_status":"closed","ping_status":"closed","template":"","meta":{"footnotes":""},"class_list":["post-440","page","type-page","status-publish","hentry"],"_links":{"self":[{"href":"https:\/\/www.chezlesfreud.com\/index.php\/wp-json\/wp\/v2\/pages\/440","targetHints":{"allow":["GET"]}}],"collection":[{"href":"https:\/\/www.chezlesfreud.com\/index.php\/wp-json\/wp\/v2\/pages"}],"about":[{"href":"https:\/\/www.chezlesfreud.com\/index.php\/wp-json\/wp\/v2\/types\/page"}],"author":[{"embeddable":true,"href":"https:\/\/www.chezlesfreud.com\/index.php\/wp-json\/wp\/v2\/users\/1"}],"replies":[{"embeddable":true,"href":"https:\/\/www.chezlesfreud.com\/index.php\/wp-json\/wp\/v2\/comments?post=440"}],"version-history":[{"count":2,"href":"https:\/\/www.chezlesfreud.com\/index.php\/wp-json\/wp\/v2\/pages\/440\/revisions"}],"predecessor-version":[{"id":565,"href":"https:\/\/www.chezlesfreud.com\/index.php\/wp-json\/wp\/v2\/pages\/440\/revisions\/565"}],"wp:attachment":[{"href":"https:\/\/www.chezlesfreud.com\/index.php\/wp-json\/wp\/v2\/media?parent=440"}],"curies":[{"name":"wp","href":"https:\/\/api.w.org\/{rel}","templated":true}]}}