{"id":473,"date":"2024-04-23T19:52:36","date_gmt":"2024-04-23T17:52:36","guid":{"rendered":"https:\/\/www.chezlesfreud.com\/?page_id=473"},"modified":"2024-04-23T19:52:36","modified_gmt":"2024-04-23T17:52:36","slug":"noel-2023-le-421","status":"publish","type":"page","link":"https:\/\/www.chezlesfreud.com\/index.php\/noel-2023-le-421\/","title":{"rendered":"No\u00ebl 2023 : le 421"},"content":{"rendered":"\n<p>Un grand classique, mais dont les r\u00e8gles du jeu sont souvent m\u00e9connues.<\/p>\n\n\n\n<p>L&rsquo;id\u00e9e de cette cr\u00e9ation faisait suite au jeu de trac, les d\u00e9s faits maison ont eu beaucoup de succ\u00e8s, les trois d\u00e9s du 421 \u00e9taient donc une r\u00e9ponse id\u00e9ale \u00e0 ce cahier des charges.<\/p>\n\n\n\n<p>Le petit challenge suppl\u00e9mentaire \u00e9tant la boite transparente et le rack de rangement.<\/p>\n\n\n\n<figure class=\"wp-block-image size-full\"><img loading=\"lazy\" decoding=\"async\" width=\"4000\" height=\"1848\" src=\"https:\/\/www.chezlesfreud.com\/wp-content\/uploads\/2024\/04\/20231231_143030-1.jpg\" alt=\"\" class=\"wp-image-475\"\/><figcaption class=\"wp-element-caption\">Pour la bo\u00eete, 4 rectangles et 2 carr\u00e9s de Plexiglas, quelques vis et le tour est jou\u00e9<\/figcaption><\/figure>\n\n\n\n<figure class=\"wp-block-image size-full\"><img loading=\"lazy\" decoding=\"async\" width=\"4000\" height=\"1848\" src=\"https:\/\/www.chezlesfreud.com\/wp-content\/uploads\/2024\/04\/20231231_143102.jpg\" alt=\"\" class=\"wp-image-476\"\/><figcaption class=\"wp-element-caption\">Une tringle \u00e0 rideau \u00ab\u00a0saucissonn\u00e9e\u00a0\u00bb sans piti\u00e9 pour les jetons et quelques cintres de blanchisserie avant d&rsquo;arriver \u00e0 un rack acceptable pour supporter lesdits jetons.<\/figcaption><\/figure>\n\n\n\n<figure class=\"wp-block-image size-full\"><img loading=\"lazy\" decoding=\"async\" width=\"4000\" height=\"1848\" src=\"https:\/\/www.chezlesfreud.com\/wp-content\/uploads\/2024\/04\/20231231_142947.jpg\" alt=\"\" class=\"wp-image-478\"\/><figcaption class=\"wp-element-caption\">Trois d\u00e9 de couleurs suivant la m\u00eame m\u00e9thode que pour le jeu de trac, et une r\u00e8gle du jeu compil\u00e9e \u00e0 partir de plusieurs sources en ligne.<\/figcaption><\/figure>\n\n\n\n<figure class=\"wp-block-image size-full\"><img loading=\"lazy\" decoding=\"async\" width=\"4000\" height=\"1848\" src=\"https:\/\/www.chezlesfreud.com\/wp-content\/uploads\/2024\/04\/20231231_142902.jpg\" alt=\"\" class=\"wp-image-479\"\/><figcaption class=\"wp-element-caption\">Et voici le r\u00e9sultat final!<\/figcaption><\/figure>\n\n\n\n<figure class=\"wp-block-image size-full\"><img loading=\"lazy\" decoding=\"async\" width=\"674\" height=\"710\" src=\"https:\/\/www.chezlesfreud.com\/wp-content\/uploads\/2024\/04\/Regle-du-jeu-421.png\" alt=\"\" class=\"wp-image-480\"\/><\/figure>\n","protected":false},"excerpt":{"rendered":"<p>Un grand classique, mais dont les r\u00e8gles du jeu sont souvent m\u00e9connues. L&rsquo;id\u00e9e de cette cr\u00e9ation faisait suite au jeu de trac, les d\u00e9s faits maison ont eu beaucoup de succ\u00e8s, les trois d\u00e9s du 421 \u00e9taient donc une r\u00e9ponse id\u00e9ale \u00e0 ce cahier des charges. Le petit challenge suppl\u00e9mentaire \u00e9tant la boite transparente et [&hellip;]<\/p>\n","protected":false},"author":1,"featured_media":0,"parent":0,"menu_order":0,"comment_status":"closed","ping_status":"closed","template":"","meta":{"footnotes":""},"class_list":["post-473","page","type-page","status-publish","hentry"],"_links":{"self":[{"href":"https:\/\/www.chezlesfreud.com\/index.php\/wp-json\/wp\/v2\/pages\/473","targetHints":{"allow":["GET"]}}],"collection":[{"href":"https:\/\/www.chezlesfreud.com\/index.php\/wp-json\/wp\/v2\/pages"}],"about":[{"href":"https:\/\/www.chezlesfreud.com\/index.php\/wp-json\/wp\/v2\/types\/page"}],"author":[{"embeddable":true,"href":"https:\/\/www.chezlesfreud.com\/index.php\/wp-json\/wp\/v2\/users\/1"}],"replies":[{"embeddable":true,"href":"https:\/\/www.chezlesfreud.com\/index.php\/wp-json\/wp\/v2\/comments?post=473"}],"version-history":[{"count":2,"href":"https:\/\/www.chezlesfreud.com\/index.php\/wp-json\/wp\/v2\/pages\/473\/revisions"}],"predecessor-version":[{"id":481,"href":"https:\/\/www.chezlesfreud.com\/index.php\/wp-json\/wp\/v2\/pages\/473\/revisions\/481"}],"wp:attachment":[{"href":"https:\/\/www.chezlesfreud.com\/index.php\/wp-json\/wp\/v2\/media?parent=473"}],"curies":[{"name":"wp","href":"https:\/\/api.w.org\/{rel}","templated":true}]}}