{"id":579,"date":"2025-12-14T19:53:02","date_gmt":"2025-12-14T18:53:02","guid":{"rendered":"https:\/\/www.chezlesfreud.com\/?page_id=579"},"modified":"2025-12-14T21:49:59","modified_gmt":"2025-12-14T20:49:59","slug":"noel-2025-le-pentaflore","status":"publish","type":"page","link":"https:\/\/www.chezlesfreud.com\/index.php\/noel-2025-le-pentaflore\/","title":{"rendered":"No\u00ebl 2025 : le Pentaflore"},"content":{"rendered":"\n<p>Cette ann\u00e9e, je vous propose un surcyclage plus modeste que certains mill\u00e9simes pr\u00e9c\u00e9dents, mais pas moins durable.<\/p>\n\n\n\n<p>L\u2019id\u00e9e de base : un soliflore. En effet, cette ann\u00e9e, gros chantier de r\u00e9novation de la salle de bains parentale de Pontoise, avec quelques bouts de tuyaux \u00e0 r\u00e9cup\u00e9rer, c\u2019est donc parti pour le soliflore.<\/p>\n\n\n\n<p>Bon, lorsque je pense \u00e0 cette fleur toute seule dans son vase, je crains qu\u2019elle ne s\u2019ennuie rapidement, je d\u00e9cide de r\u00e9orienter le projet en multipliant les soliflores. Il faut toujours un nombre impair de fleurs m\u2019a-t-on dit un jour, le chiffre cinq me plaisant bien, ce sera donc un Pentaflore!<\/p>\n\n\n\n<h2 class=\"wp-block-heading\">Les tubes<\/h2>\n\n\n\n<p>C\u2019est parti pour la confection, on d\u00e9coupe des tubes de longueurs in\u00e9gales, passage dans du d\u00e9tartrant pour machine \u00e0 caf\u00e9 et ensuite un bon polissage au bistro cuivre et les voil\u00e0 brillants de tous leurs feux.<\/p>\n\n\n\n<p>Le fond est bouch\u00e9 avec une r\u00e9sine fibr\u00e9e, reste d\u2019une r\u00e9paration du plan vasque de la salle de bain des enfants.<\/p>\n\n\n\n<p>Je tente le vernis pour \u00e9viter qu\u2019ils ne se r\u00e9oxydent, \u00e7a fonctionne bien pour les quatre tubes les plus fins mais pas pour les deux de diam\u00e8tre plus gros, allez savoir pourquoi, un alliage un peu diff\u00e9rent sans doute, il faudra donc les briquer de temps en temps.<\/p>\n\n\n\n<figure class=\"wp-block-gallery has-nested-images columns-default is-cropped wp-block-gallery-1 is-layout-flex wp-block-gallery-is-layout-flex\">\n<figure class=\"wp-block-image size-large\"><img loading=\"lazy\" decoding=\"async\" width=\"2560\" height=\"1985\" data-id=\"580\" src=\"https:\/\/www.chezlesfreud.com\/wp-content\/uploads\/2025\/12\/Matiere-premiere-scaled.jpg\" alt=\"\" class=\"wp-image-580\" srcset=\"https:\/\/www.chezlesfreud.com\/wp-content\/uploads\/2025\/12\/Matiere-premiere-scaled.jpg 2560w, https:\/\/www.chezlesfreud.com\/wp-content\/uploads\/2025\/12\/Matiere-premiere-300x233.jpg 300w, https:\/\/www.chezlesfreud.com\/wp-content\/uploads\/2025\/12\/Matiere-premiere-768x596.jpg 768w, https:\/\/www.chezlesfreud.com\/wp-content\/uploads\/2025\/12\/Matiere-premiere-1536x1191.jpg 1536w, https:\/\/www.chezlesfreud.com\/wp-content\/uploads\/2025\/12\/Matiere-premiere-2048x1588.jpg 2048w\" sizes=\"auto, (max-width: 2560px) 100vw, 2560px\" \/><\/figure>\n\n\n\n<figure class=\"wp-block-image size-large\"><img loading=\"lazy\" decoding=\"async\" width=\"2252\" height=\"2428\" data-id=\"581\" src=\"https:\/\/www.chezlesfreud.com\/wp-content\/uploads\/2025\/12\/Decapage.jpg\" alt=\"\" class=\"wp-image-581\" srcset=\"https:\/\/www.chezlesfreud.com\/wp-content\/uploads\/2025\/12\/Decapage.jpg 2252w, https:\/\/www.chezlesfreud.com\/wp-content\/uploads\/2025\/12\/Decapage-278x300.jpg 278w, https:\/\/www.chezlesfreud.com\/wp-content\/uploads\/2025\/12\/Decapage-768x828.jpg 768w, https:\/\/www.chezlesfreud.com\/wp-content\/uploads\/2025\/12\/Decapage-1425x1536.jpg 1425w, https:\/\/www.chezlesfreud.com\/wp-content\/uploads\/2025\/12\/Decapage-1900x2048.jpg 1900w\" sizes=\"auto, (max-width: 2252px) 100vw, 2252px\" \/><\/figure>\n<\/figure>\n\n\n\n<h2 class=\"wp-block-heading\">Le support<\/h2>\n\n\n\n<p>Le support sera en bois exotique, d\u2019origine plus tr\u00e8s certaine, sinon qu\u2019il se trouvait dans la cave. Quelques trous \u00e0 la fraise et deux couches de vernis et voil\u00e0 le travail!<\/p>\n\n\n\n<figure class=\"wp-block-gallery has-nested-images columns-default is-cropped wp-block-gallery-2 is-layout-flex wp-block-gallery-is-layout-flex\">\n<figure class=\"wp-block-image size-large\"><img loading=\"lazy\" decoding=\"async\" width=\"2252\" height=\"2252\" data-id=\"582\" src=\"https:\/\/www.chezlesfreud.com\/wp-content\/uploads\/2025\/12\/Fraisage.jpg\" alt=\"\" class=\"wp-image-582\" srcset=\"https:\/\/www.chezlesfreud.com\/wp-content\/uploads\/2025\/12\/Fraisage.jpg 2252w, https:\/\/www.chezlesfreud.com\/wp-content\/uploads\/2025\/12\/Fraisage-300x300.jpg 300w, https:\/\/www.chezlesfreud.com\/wp-content\/uploads\/2025\/12\/Fraisage-150x150.jpg 150w, https:\/\/www.chezlesfreud.com\/wp-content\/uploads\/2025\/12\/Fraisage-768x768.jpg 768w, https:\/\/www.chezlesfreud.com\/wp-content\/uploads\/2025\/12\/Fraisage-1536x1536.jpg 1536w, https:\/\/www.chezlesfreud.com\/wp-content\/uploads\/2025\/12\/Fraisage-2048x2048.jpg 2048w\" sizes=\"auto, (max-width: 2252px) 100vw, 2252px\" \/><\/figure>\n\n\n\n<figure class=\"wp-block-image size-large\"><img loading=\"lazy\" decoding=\"async\" width=\"2252\" height=\"2252\" data-id=\"583\" src=\"https:\/\/www.chezlesfreud.com\/wp-content\/uploads\/2025\/12\/Vernis.jpg\" alt=\"\" class=\"wp-image-583\" srcset=\"https:\/\/www.chezlesfreud.com\/wp-content\/uploads\/2025\/12\/Vernis.jpg 2252w, https:\/\/www.chezlesfreud.com\/wp-content\/uploads\/2025\/12\/Vernis-300x300.jpg 300w, https:\/\/www.chezlesfreud.com\/wp-content\/uploads\/2025\/12\/Vernis-150x150.jpg 150w, https:\/\/www.chezlesfreud.com\/wp-content\/uploads\/2025\/12\/Vernis-768x768.jpg 768w, https:\/\/www.chezlesfreud.com\/wp-content\/uploads\/2025\/12\/Vernis-1536x1536.jpg 1536w, https:\/\/www.chezlesfreud.com\/wp-content\/uploads\/2025\/12\/Vernis-2048x2048.jpg 2048w\" sizes=\"auto, (max-width: 2252px) 100vw, 2252px\" \/><\/figure>\n<\/figure>\n\n\n\n<h2 class=\"wp-block-heading\">Quelques fleurs<\/h2>\n\n\n\n<p>Il ne reste plus qu\u2019\u00e0 fabriquer cinq fleurs en papier, gr\u00e2ce \u00e0 un tuto sur Youtube comme il se doit, avec des branches de verveine citronnelle pour les tiges, histoire d\u2019avoir quelque chose \u00e0 pr\u00e9senter le jour J.<\/p>\n\n\n\n<figure class=\"wp-block-image has-custom-border\"><img loading=\"lazy\" decoding=\"async\" width=\"2560\" height=\"1441\" src=\"https:\/\/www.chezlesfreud.com\/wp-content\/uploads\/2025\/12\/20251213_141406-scaled.jpg\" alt=\"\" class=\"wp-image-584\" style=\"border-top-left-radius:12px;border-top-right-radius:12px;border-bottom-left-radius:12px;border-bottom-right-radius:12px\" srcset=\"https:\/\/www.chezlesfreud.com\/wp-content\/uploads\/2025\/12\/20251213_141406-scaled.jpg 2560w, https:\/\/www.chezlesfreud.com\/wp-content\/uploads\/2025\/12\/20251213_141406-300x169.jpg 300w, https:\/\/www.chezlesfreud.com\/wp-content\/uploads\/2025\/12\/20251213_141406-768x432.jpg 768w, https:\/\/www.chezlesfreud.com\/wp-content\/uploads\/2025\/12\/20251213_141406-1536x865.jpg 1536w, https:\/\/www.chezlesfreud.com\/wp-content\/uploads\/2025\/12\/20251213_141406-2048x1153.jpg 2048w\" sizes=\"auto, (max-width: 2560px) 100vw, 2560px\" \/><\/figure>\n\n\n\n<p><\/p>\n","protected":false},"excerpt":{"rendered":"<p>Cette ann\u00e9e, je vous propose un surcyclage plus modeste que certains mill\u00e9simes pr\u00e9c\u00e9dents, mais pas moins durable. L\u2019id\u00e9e de base : un soliflore. En effet, cette ann\u00e9e, gros chantier de r\u00e9novation de la salle de bains parentale de Pontoise, avec quelques bouts de tuyaux \u00e0 r\u00e9cup\u00e9rer, c\u2019est donc parti pour le soliflore. Bon, lorsque je [&hellip;]<\/p>\n","protected":false},"author":1,"featured_media":0,"parent":0,"menu_order":0,"comment_status":"closed","ping_status":"closed","template":"","meta":{"footnotes":""},"class_list":["post-579","page","type-page","status-publish","hentry"],"_links":{"self":[{"href":"https:\/\/www.chezlesfreud.com\/index.php\/wp-json\/wp\/v2\/pages\/579","targetHints":{"allow":["GET"]}}],"collection":[{"href":"https:\/\/www.chezlesfreud.com\/index.php\/wp-json\/wp\/v2\/pages"}],"about":[{"href":"https:\/\/www.chezlesfreud.com\/index.php\/wp-json\/wp\/v2\/types\/page"}],"author":[{"embeddable":true,"href":"https:\/\/www.chezlesfreud.com\/index.php\/wp-json\/wp\/v2\/users\/1"}],"replies":[{"embeddable":true,"href":"https:\/\/www.chezlesfreud.com\/index.php\/wp-json\/wp\/v2\/comments?post=579"}],"version-history":[{"count":3,"href":"https:\/\/www.chezlesfreud.com\/index.php\/wp-json\/wp\/v2\/pages\/579\/revisions"}],"predecessor-version":[{"id":588,"href":"https:\/\/www.chezlesfreud.com\/index.php\/wp-json\/wp\/v2\/pages\/579\/revisions\/588"}],"wp:attachment":[{"href":"https:\/\/www.chezlesfreud.com\/index.php\/wp-json\/wp\/v2\/media?parent=579"}],"curies":[{"name":"wp","href":"https:\/\/api.w.org\/{rel}","templated":true}]}}