{"id":9,"date":"2018-06-17T20:42:21","date_gmt":"2018-06-17T18:42:21","guid":{"rendered":"http:\/\/localhost\/?page_id=9"},"modified":"2018-12-15T00:10:38","modified_gmt":"2018-12-14T23:10:38","slug":"a-propos-de","status":"publish","type":"page","link":"https:\/\/www.chezlesfreud.com\/index.php\/a-propos-de\/","title":{"rendered":"\u00c0 propos de"},"content":{"rendered":"<p>Nous avons r\u00e9alis\u00e9 ce site pour partager des images de notre jardin et de notre maison et toute autre chose qui pourrait nous passer par la t\u00eate&#8230;<\/p>\n<div style=\"width: 1280px;\" class=\"wp-video\"><video class=\"wp-video-shortcode\" id=\"video-9-1\" width=\"1280\" height=\"720\" preload=\"metadata\" controls=\"controls\"><source type=\"video\/mp4\" src=\"http:\/\/www.chezlesfreud.com\/wp-content\/uploads\/2018\/06\/animation.mp4.mp4?_=1\" \/><a href=\"http:\/\/www.chezlesfreud.com\/wp-content\/uploads\/2018\/06\/animation.mp4.mp4\">http:\/\/www.chezlesfreud.com\/wp-content\/uploads\/2018\/06\/animation.mp4.mp4<\/a><\/video><\/div>\n","protected":false},"excerpt":{"rendered":"<p>Nous avons r\u00e9alis\u00e9 ce site pour partager des images de notre jardin et de notre maison et toute autre chose qui pourrait nous passer par la t\u00eate&#8230;<\/p>\n","protected":false},"author":1,"featured_media":38,"parent":0,"menu_order":0,"comment_status":"closed","ping_status":"closed","template":"","meta":{"footnotes":""},"class_list":["post-9","page","type-page","status-publish","has-post-thumbnail","hentry"],"_links":{"self":[{"href":"https:\/\/www.chezlesfreud.com\/index.php\/wp-json\/wp\/v2\/pages\/9","targetHints":{"allow":["GET"]}}],"collection":[{"href":"https:\/\/www.chezlesfreud.com\/index.php\/wp-json\/wp\/v2\/pages"}],"about":[{"href":"https:\/\/www.chezlesfreud.com\/index.php\/wp-json\/wp\/v2\/types\/page"}],"author":[{"embeddable":true,"href":"https:\/\/www.chezlesfreud.com\/index.php\/wp-json\/wp\/v2\/users\/1"}],"replies":[{"embeddable":true,"href":"https:\/\/www.chezlesfreud.com\/index.php\/wp-json\/wp\/v2\/comments?post=9"}],"version-history":[{"count":17,"href":"https:\/\/www.chezlesfreud.com\/index.php\/wp-json\/wp\/v2\/pages\/9\/revisions"}],"predecessor-version":[{"id":190,"href":"https:\/\/www.chezlesfreud.com\/index.php\/wp-json\/wp\/v2\/pages\/9\/revisions\/190"}],"wp:featuredmedia":[{"embeddable":true,"href":"https:\/\/www.chezlesfreud.com\/index.php\/wp-json\/wp\/v2\/media\/38"}],"wp:attachment":[{"href":"https:\/\/www.chezlesfreud.com\/index.php\/wp-json\/wp\/v2\/media?parent=9"}],"curies":[{"name":"wp","href":"https:\/\/api.w.org\/{rel}","templated":true}]}}